{"id":522,"date":"2025-10-09T09:02:33","date_gmt":"2025-10-09T09:02:33","guid":{"rendered":"https:\/\/adv-shop.ch\/?page_id=522"},"modified":"2025-10-19T15:38:59","modified_gmt":"2025-10-19T15:38:59","slug":"identification","status":"publish","type":"page","link":"https:\/\/adv-shop.maybe-xl.ch\/sq\/identification\/","title":{"rendered":"Identification"},"content":{"rendered":"<p>[et_pb_section fb_built=\u00a0\u00bb1&Prime; _builder_version=\u00a0\u00bb4.27.4&Prime; _module_preset=\u00a0\u00bbdefault\u00a0\u00bb background_video_mp4=\u00a0\u00bbhttps:\/\/adv-shop.maybe-xl.ch\/wp-content\/uploads\/2025\/10\/6536349e9ea7b7c5f9b91a01_6780b129dd9ec1cfa980e14b_MAYBE-XL_Video_Website_EDIT_16X9-transcode.mp4&Prime; global_colors_info=\u00a0\u00bb{}\u00a0\u00bb][et_pb_row column_structure=\u00a0\u00bb1_2,1_2&Prime; custom_padding_last_edited=\u00a0\u00bbon|phone\u00a0\u00bb admin_label=\u00a0\u00bbBloc entre 1er oct et 1er nov\u00a0\u00bb _builder_version=\u00a0\u00bb4.27.4&Prime; _module_preset=\u00a0\u00bbdefault\u00a0\u00bb background_color=\u00a0\u00bbrgba(255,255,255,0.71)\u00a0\u00bb width_tablet=\u00a0\u00bb\u00a0\u00bb width_phone=\u00a0\u00bb94%\u00a0\u00bb width_last_edited=\u00a0\u00bbon|phone\u00a0\u00bb min_height=\u00a0\u00bb75vh\u00a0\u00bb min_height_tablet=\u00a0\u00bb75vh\u00a0\u00bb min_height_phone=\u00a0\u00bb60vh\u00a0\u00bb min_height_last_edited=\u00a0\u00bbon|phone\u00a0\u00bb display_conditions=\u00a0\u00bbW10=\u00a0\u00bb custom_padding=\u00a0\u00bb70px|40px|70px|40px|true|true\u00a0\u00bb custom_padding_tablet=\u00a0\u00bb70px|40px|70px|40px|true|true\u00a0\u00bb custom_padding_phone=\u00a0\u00bb40px|10px|40px|10px|true|true\u00a0\u00bb border_radii=\u00a0\u00bbon|10px|10px|10px|10px\u00a0\u00bb global_colors_info=\u00a0\u00bb{}\u00a0\u00bb][et_pb_column type=\u00a0\u00bb1_2&Prime; _builder_version=\u00a0\u00bb4.27.4&Prime; _module_preset=\u00a0\u00bbdefault\u00a0\u00bb custom_padding=\u00a0\u00bb50px||||false|false\u00a0\u00bb custom_padding_tablet=\u00a0\u00bb0px||||false|false\u00a0\u00bb custom_padding_phone=\u00a0\u00bb0px||||false|false\u00a0\u00bb custom_padding_last_edited=\u00a0\u00bbon|phone\u00a0\u00bb global_colors_info=\u00a0\u00bb{}\u00a0\u00bb][et_pb_text _builder_version=\u00a0\u00bb4.27.4&Prime; _module_preset=\u00a0\u00bbdefault\u00a0\u00bb text_font=\u00a0\u00bb|700|||||||\u00a0\u00bb text_font_size=\u00a0\u00bb3vh\u00a0\u00bb text_line_height=\u00a0\u00bb6vh\u00a0\u00bb display_conditions=\u00a0\u00bbW3siaWQiOiI3NmMzYmUxMS1kZGRlLTRjYjctODM2NC1mZmE2ZDgwM2M1MTciLCJjb25kaXRpb24iOiJsb2dnZWRJblN0YXR1cyIsImNvbmRpdGlvblNldHRpbmdzIjp7ImRpc3BsYXlSdWxlIjoibG9nZ2VkSW4iLCJhZG1pbkxhYmVsIjoiU3RhdHV0IGRlIGNvbm5leGlvbiIsImVuYWJsZUNvbmRpdGlvbiI6Im9uIn0sIm9wZXJhdG9yIjoiT1IifV0=\u00a0\u00bb custom_margin_tablet=\u00a0\u00bb\u00a0\u00bb custom_margin_phone=\u00a0\u00bb||0px||false|false\u00a0\u00bb custom_margin_last_edited=\u00a0\u00bbon|phone\u00a0\u00bb custom_padding_tablet=\u00a0\u00bb\u00a0\u00bb custom_padding_phone=\u00a0\u00bb||0px||false|false\u00a0\u00bb custom_padding_last_edited=\u00a0\u00bbon|phone\u00a0\u00bb hover_enabled=\u00a0\u00bb0&Prime; text_font_size_tablet=\u00a0\u00bb3vh\u00a0\u00bb text_font_size_phone=\u00a0\u00bb2vh\u00a0\u00bb text_font_size_last_edited=\u00a0\u00bbon|tablet\u00a0\u00bb text_line_height_tablet=\u00a0\u00bb4vh\u00a0\u00bb text_line_height_phone=\u00a0\u00bb3vh\u00a0\u00bb text_line_height_last_edited=\u00a0\u00bbon|tablet\u00a0\u00bb global_colors_info=\u00a0\u00bb{}\u00a0\u00bb sticky_enabled=\u00a0\u00bb0&Prime;]<\/p>\n<p>Bonjour <br \/>,<br \/>\u00e0 pr\u00e9sent tu peux visiter le shop !<\/p>\n<p>[\/et_pb_text][et_pb_text _builder_version=\u00a0\u00bb4.27.4&Prime; _module_preset=\u00a0\u00bbdefault\u00a0\u00bb text_font=\u00a0\u00bb|700|||||||\u00a0\u00bb text_font_size=\u00a0\u00bb3vh\u00a0\u00bb text_line_height=\u00a0\u00bb6vh\u00a0\u00bb display_conditions=\u00a0\u00bbW3siaWQiOiI3NmMzYmUxMS1kZGRlLTRjYjctODM2NC1mZmE2ZDgwM2M1MTciLCJjb25kaXRpb24iOiJsb2dnZWRJblN0YXR1cyIsImNvbmRpdGlvblNldHRpbmdzIjp7ImRpc3BsYXlSdWxlIjoibG9nZ2VkT3V0IiwiYWRtaW5MYWJlbCI6IlN0YXR1dCBkZSBjb25uZXhpb24iLCJlbmFibGVDb25kaXRpb24iOiJvbiJ9LCJvcGVyYXRvciI6Ik9SIn1d\u00a0\u00bb custom_margin_tablet=\u00a0\u00bb\u00a0\u00bb custom_margin_phone=\u00a0\u00bb||0px||false|false\u00a0\u00bb custom_margin_last_edited=\u00a0\u00bbon|phone\u00a0\u00bb custom_padding_tablet=\u00a0\u00bb\u00a0\u00bb custom_padding_phone=\u00a0\u00bb||0px||false|false\u00a0\u00bb custom_padding_last_edited=\u00a0\u00bbon|phone\u00a0\u00bb hover_enabled=\u00a0\u00bb0&Prime; text_font_size_tablet=\u00a0\u00bb3vh\u00a0\u00bb text_font_size_phone=\u00a0\u00bb2vh\u00a0\u00bb text_font_size_last_edited=\u00a0\u00bbon|phone\u00a0\u00bb text_line_height_tablet=\u00a0\u00bb4vh\u00a0\u00bb text_line_height_phone=\u00a0\u00bb3vh\u00a0\u00bb text_line_height_last_edited=\u00a0\u00bbon|phone\u00a0\u00bb global_colors_info=\u00a0\u00bb{}\u00a0\u00bb sticky_enabled=\u00a0\u00bb0&Prime;]<\/p>\n<p>Bonjour,<br \/>connecte-toi pour acceder au shop!<\/p>\n<p>[\/et_pb_text][\/et_pb_column][et_pb_column type=\u00a0\u00bb1_2&Prime; _builder_version=\u00a0\u00bb4.27.4&Prime; _module_preset=\u00a0\u00bbdefault\u00a0\u00bb global_colors_info=\u00a0\u00bb{}\u00a0\u00bb][et_pb_text _builder_version=\u00a0\u00bb4.27.4&Prime; _module_preset=\u00a0\u00bbdefault\u00a0\u00bb display_conditions=\u00a0\u00bbW3siaWQiOiIzYTQ1MTg4MC1hMWMxLTQwM2UtYTAzNi1lMWFhZDkxZTEzZTciLCJjb25kaXRpb24iOiJsb2dnZWRJblN0YXR1cyIsImNvbmRpdGlvblNldHRpbmdzIjp7ImRpc3BsYXlSdWxlIjoibG9nZ2VkT3V0IiwiYWRtaW5MYWJlbCI6IlN0YXR1dCBkZSBjb25uZXhpb24iLCJlbmFibGVDb25kaXRpb24iOiJvbiJ9LCJvcGVyYXRvciI6Ik9SIn1d\u00a0\u00bb custom_margin_tablet=\u00a0\u00bb\u00a0\u00bb custom_margin_phone=\u00a0\u00bb0px||0px||true|false\u00a0\u00bb custom_margin_last_edited=\u00a0\u00bbon|phone\u00a0\u00bb custom_padding=\u00a0\u00bb|30px|10px|30px|false|true\u00a0\u00bb custom_padding_tablet=\u00a0\u00bb|30px|10px|30px|false|true\u00a0\u00bb custom_padding_phone=\u00a0\u00bb0px|5px||5px|false|true\u00a0\u00bb custom_padding_last_edited=\u00a0\u00bbon|phone\u00a0\u00bb border_width_all=\u00a0\u00bb1px\u00a0\u00bb border_width_all_tablet=\u00a0\u00bb0px\u00a0\u00bb border_width_all_phone=\u00a0\u00bb0px\u00a0\u00bb border_width_all_last_edited=\u00a0\u00bbon|phone\u00a0\u00bb global_colors_info=\u00a0\u00bb{}\u00a0\u00bb]<\/p>\n<div id=\"user-registration\" class=\"user-registration\">\n<div class=\"ur-frontend-form login ur-frontend-form--flat \" id=\"ur-frontend-form\">\n\t\t<form class=\"user-registration-form user-registration-form-login login\" method=\"post\">\n\t\t<div class=\"ur-form-row\">\n\t\t\t<div class=\"ur-form-grid\">\n\t\t\t\t\t\t\t\t\t\t\t\t<div\n\t\t\t\t\tclass=\" user-registration-form-row user-registration-form-row--wide form-row form-row-wide\"\n\t\t\t\t\tdata-field=\"username\">\n\t\t\t\t\t<label for=\"username\">N\u00b0 de collaborateur <span class=\"required\">*<\/span><\/label>\t\t\t\t\t<span class=\"input-wrapper\">\n\t\t\t\t\t\t<input placeholder=\"\" type=\"text\"\n\t\t\t\t\t\t\t\tclass=\"user-registration-Input user-registration-Input--text input-text\" name=\"username\"\n\t\t\t\t\t\t\t\tid=\"username\"\n\t\t\t\t\t\t\t   value=\"\"\n\t\t\t\t\t\t\t\tstyle=\"\"\n\t\t\t\t\t\t\t\t\t\t\t\t\t\t\/>\n\t\t\t\t\t\t\t\t\t\t\t\t<\/span>\n\t\t\t\t<\/div>\n\t\t\t\t\t\t\t\t\t<div\n\t\t\t\t\t\tclass=\" user-registration-form-row user-registration-form-row--wide form-row form-row-wide\"\n\t\t\t\t\t\tdata-field=\"password\">\n\t\t\t\t\t\t<label for=\"password\">N\u00b0 AVS <span class=\"required\">*<\/span><\/label>\t\t\t\t\t\t<span class=\"input-wrapper\">\n\t\t\t\t\t\t<span class=\"password-input-group\">\n\t\t\t\t\t\t<input\n\t\t\t\t\t\t\tplaceholder=\"_ _ _ . _ _ _ _ . _ _ _ _ . _ _\"\n\t\t\t\t\t\t\tclass=\"user-registration-Input user-registration-Input--text input-text\" type=\"password\"\n\t\t\t\t\t\t\tname=\"password\" id=\"password\"\n\t\t\t\t\t\t\tstyle=\"\"\n\t\t\t\t\t\t\t\t\t\t\t\t\t\/>\n\n\t\t\t\t\t\t\t\t\t\t\t\t\t\t\t\t\t\t\t<\/span>\n\t\t\t\t\t<\/div>\n\t\t\t\t\t\t\t\t\n\t\t\t\t\t\t\t\t<div class=\"form-row\">\n\t\t\t\t\t<input type=\"hidden\" id=\"user-registration-login-nonce\" name=\"user-registration-login-nonce\" value=\"3bdb70472c\" \/><input type=\"hidden\" name=\"_wp_http_referer\" value=\"\/sq\/wp-json\/wp\/v2\/pages\/522\" \/>\t\t\t\t\t\t<div class=\"user-registration-before-login-btn\">\n\t\t\t\t\t\t\t\t\t\t\t\t\t\t\t<div class=\"\" data-field=\"remember-me\">\n\t\t\t\t\t\t\t\t\t<label\n\t\t\t\t\t\t\t\t\t\tclass=\"user-registration-form__label user-registration-form__label-for-checkbox inline\">\n\t\t\t\t\t\t\t\t\t\t<input\n\t\t\t\t\t\t\t\t\t\t\tclass=\"user-registration-form__input user-registration-form__input-checkbox\"\n\t\t\t\t\t\t\t\t\t\t\tname=\"rememberme\" type=\"checkbox\" id=\"rememberme\" value=\"forever\"\n\t\t\t\t\t\t\t\t\t\t\t\t\t\t\t\t\t\t\t\t\t\/>\n\t\t\t\t\t\t\t\t\t\t<span>Se souvenir de moi<\/span>\n\t\t\t\t\t\t\t\t\t<\/label>\n\t\t\t\t\t\t\t\t<\/div>\n\t\t\t\t\t\t\t\t\t\t\t\t\t\t\t\t\t\t\t\t\t<\/div>\n\t\t\t\t\t\t\t\t\t\t<\/div>\n\t\t\t\t<div data-field=\"login-button\" class=\"\">\n\t\t\t\t\t\t\t\t\t\t\t\t\t\t\t\t<button type=\"submit\"\n\t\t\t\t\t\t\t\tclass=\"user-registration-Button button ur-submit-button  \"\n\t\t\t\t\t\t\t\tname=\"login\"\n\t\t\t\t\t\t\t\tvalue=\"Se connecter\">Se connecter<\/button>\n\t\t\t\t\t\t\t\t\t<\/div>\n\t\t\t\t<input type=\"hidden\" name=\"redirect\"\n\t\t\t\t\t\tvalue=\"https:\/\/adv-shop.maybe-xl.ch\/identification\/\"\/>\n\t\t\t\t<input type=\"hidden\" name=\"previous_page\" value=\"\"\/>\n\t\t\t\t\t\t\t\t\t\t\t<\/div>\n\t\t<\/div>\n\t<\/form>\n<\/div>\n\n<\/div>\n<p>[\/et_pb_text][et_pb_button button_url=\u00a0\u00bb@ET-DC@eyJkeW5hbWljIjp0cnVlLCJjb250ZW50IjoicG9zdF9saW5rX3VybF9wYWdlIiwic2V0dGluZ3MiOnsicG9zdF9pZCI6IjIxNSJ9fQ==@\u00a0\u00bb button_text=\u00a0\u00bbVous \u00eates connect\u00e9 &#8211; acc\u00e9dez au Shop\u00a0\u00bb button_alignment=\u00a0\u00bbcenter\u00a0\u00bb _builder_version=\u00a0\u00bb4.27.4&Prime; _dynamic_attributes=\u00a0\u00bbbutton_url\u00a0\u00bb _module_preset=\u00a0\u00bbdefault\u00a0\u00bb custom_button=\u00a0\u00bbon\u00a0\u00bb button_text_size=\u00a0\u00bb15px\u00a0\u00bb display_conditions=\u00a0\u00bbW3siaWQiOiIzMDdmNzM2Yy00OTYxLTQyZDQtYmM5YS01NmRiOTI2MzdmYWMiLCJjb25kaXRpb24iOiJsb2dnZWRJblN0YXR1cyIsImNvbmRpdGlvblNldHRpbmdzIjp7ImRpc3BsYXlSdWxlIjoibG9nZ2VkSW4iLCJhZG1pbkxhYmVsIjoiU3RhdHV0IGRlIGNvbm5leGlvbiIsImVuYWJsZUNvbmRpdGlvbiI6Im9uIn0sIm9wZXJhdG9yIjoiT1IifV0=\u00a0\u00bb custom_margin=\u00a0\u00bb15vh||||false|false\u00a0\u00bb custom_margin_tablet=\u00a0\u00bb15vh||||false|false\u00a0\u00bb custom_margin_phone=\u00a0\u00bb0vh||||false|false\u00a0\u00bb custom_margin_last_edited=\u00a0\u00bbon|phone\u00a0\u00bb custom_padding=\u00a0\u00bb||||false|false\u00a0\u00bb button_border_width_tablet=\u00a0\u00bb1px\u00a0\u00bb button_border_width_phone=\u00a0\u00bb1px\u00a0\u00bb button_border_width_last_edited=\u00a0\u00bbon|phone\u00a0\u00bb button_font_tablet=\u00a0\u00bb|300|||||||\u00a0\u00bb button_font_phone=\u00a0\u00bb|300|||||||\u00a0\u00bb button_font_last_edited=\u00a0\u00bbon|tablet\u00a0\u00bb global_colors_info=\u00a0\u00bb{}\u00a0\u00bb][\/et_pb_button][\/et_pb_column][\/et_pb_row][\/et_pb_section]<\/p>\n","protected":false},"excerpt":{"rendered":"<p>Bonjour ,\u00e0 pr\u00e9sent tu peux visiter le shop !Bonjour,connecte-toi pour acceder au shop!<div id=\"user-registration\" class=\"user-registration\">\n<div class=\"ur-frontend-form login ur-frontend-form--flat\" id=\"ur-frontend-form\">\n\t\t<form class=\"user-registration-form user-registration-form-login login\" method=\"post\" action=\"\">\n\t\t<div class=\"ur-form-row\">\n\t\t\t<div class=\"ur-form-grid\">\n\t\t\t\t\t\t\t\t\t\t\t\t<div\n\t\t\t\t\tclass=\"user-registration-form-row user-registration-form-row--wide form-row form-row-wide\"\n\t\t\t\t\tdata-field=\"username\">\n\t\t\t\t\t<label for=\"username\">ID e punonj\u00ebsit <span class=\"required\">*<\/span><\/label>\t\t\t\t\t<span class=\"input-wrapper\">\n\t\t\t\t\t\t<input placeholder=\"\" type=\"text\"\n\t\t\t\t\t\t\t\tclass=\"user-registration-Input user-registration-Input--text input-text\" name=\"username\"\n\t\t\t\t\t\t\t\tid=\"username\"\n\t\t\t\t\t\t\t   value=\"\"\n\t\t\t\t\t\t\t\tstyle=\"\"\n\t\t\t\t\t\t\t\t\t\t\t\t\t\t\/>\n\t\t\t\t\t\t\t\t\t\t\t\t<\/span>\n\t\t\t\t<\/div>\n\t\t\t\t\t\t\t\t\t<div\n\t\t\t\t\t\tclass=\"user-registration-form-row user-registration-form-row--wide form-row form-row-wide\"\n\t\t\t\t\t\tdata-field=\"password\">\n\t\t\t\t\t\t<label for=\"password\">Nr. AVS <span class=\"required\">*<\/span><\/label>\t\t\t\t\t\t<span class=\"input-wrapper\">\n\t\t\t\t\t\t<span class=\"password-input-group\">\n\t\t\t\t\t\t<input\n\t\t\t\t\t\t\tplaceholder=\"_ _ _ . _ _ _ _ . _ _ _ _ . _ _\"\n\t\t\t\t\t\t\tclass=\"user-registration-Input user-registration-Input--text input-text\" type=\"password\"\n\t\t\t\t\t\t\tname=\"password\" id=\"password\"\n\t\t\t\t\t\t\tstyle=\"\"\n\t\t\t\t\t\t\t\t\t\t\t\t\t\/>\n\n\t\t\t\t\t\t\t\t\t\t\t\t\t\t\t\t\t\t\t<\/span>\n\t\t\t\t\t<\/div>\n\t\t\t\t\t\t\t\t\n\t\t\t\t\t\t\t\t<div class=\"form-row\">\n\t\t\t\t\t<input type=\"hidden\" id=\"user-registration-login-nonce\" name=\"user-registration-login-nonce\" value=\"3bdb70472c\" \/><input type=\"hidden\" name=\"_wp_http_referer\" value=\"\/sq\/wp-json\/wp\/v2\/pages\/522\" \/>\t\t\t\t\t\t<div class=\"user-registration-before-login-btn\">\n\t\t\t\t\t\t\t\t\t\t\t\t\t\t\t<div class=\"\" data-field=\"remember-me\">\n\t\t\t\t\t\t\t\t\t<label\n\t\t\t\t\t\t\t\t\t\tclass=\"user-registration-form__label user-registration-form__label-for-checkbox inline\">\n\t\t\t\t\t\t\t\t\t\t<input\n\t\t\t\t\t\t\t\t\t\t\tclass=\"user-registration-form__input user-registration-form__input-checkbox\"\n\t\t\t\t\t\t\t\t\t\t\tname=\"rememberme\" type=\"checkbox\" id=\"rememberme\" value=\"forever\"\n\t\t\t\t\t\t\t\t\t\t\t\t\t\t\t\t\t\t\t\t\t\/>\n\t\t\t\t\t\t\t\t\t\t<span>M\u00eb mbaj mend<\/span>\n\t\t\t\t\t\t\t\t\t<\/label>\n\t\t\t\t\t\t\t\t<\/div>\n\t\t\t\t\t\t\t\t\t\t\t\t\t\t\t\t\t\t\t\t\t<\/div>\n\t\t\t\t\t\t\t\t\t\t<\/div>\n\t\t\t\t<div data-field=\"login-button\" class=\"\">\n\t\t\t\t\t\t\t\t\t\t\t\t\t\t\t\t<button type=\"submit\"\n\t\t\t\t\t\t\t\tclass=\"user-registration-Button button ur-submit-button\"\n\t\t\t\t\t\t\t\tname=\"login\"\n\t\t\t\t\t\t\t\tvalue=\"Se connecter\">Ky\u00e7u<\/button>\n\t\t\t\t\t\t\t\t\t<\/div>\n\t\t\t\t<input type=\"hidden\" name=\"redirect\"\n\t\t\t\t\t\tvalue=\"https:\/\/adv-shop.maybe-xl.ch\/identification\/\"\/>\n\t\t\t\t<input type=\"hidden\" name=\"previous_page\" value=\"\"\/>\n\t\t\t\t\t\t\t\t\t\t\t<\/div>\n\t\t<\/div>\n\t<input type=\"hidden\" name=\"trp-form-language\" value=\"sq\"\/><\/form>\n<\/div>\n\n<\/div><\/p>","protected":false},"author":1,"featured_media":0,"parent":0,"menu_order":11,"comment_status":"closed","ping_status":"closed","template":"","meta":{"_et_pb_use_builder":"on","_et_pb_old_content":"","_et_gb_content_width":"","footnotes":""},"class_list":["post-522","page","type-page","status-publish","hentry"],"yoast_head":"<!-- This site is optimized with the Yoast SEO plugin v27.5 - https:\/\/yoast.com\/product\/yoast-seo-wordpress\/ -->\n<title>Identification - ADV-SHOP by MAYBE-XL<\/title>\n<meta name=\"robots\" content=\"index, follow, max-snippet:-1, max-image-preview:large, max-video-preview:-1\" \/>\n<link rel=\"canonical\" href=\"https:\/\/adv-shop.maybe-xl.ch\/sq\/identification\/\" \/>\n<meta property=\"og:locale\" content=\"sq_AL\" \/>\n<meta property=\"og:type\" content=\"article\" \/>\n<meta property=\"og:title\" content=\"Identification - ADV-SHOP by MAYBE-XL\" \/>\n<meta property=\"og:description\" content=\"Bonjour ,\u00e0 pr\u00e9sent tu peux visiter le shop !Bonjour,connecte-toi pour acceder au shop!\" \/>\n<meta property=\"og:url\" content=\"https:\/\/adv-shop.maybe-xl.ch\/sq\/identification\/\" \/>\n<meta property=\"og:site_name\" content=\"ADV-SHOP by MAYBE-XL\" \/>\n<meta property=\"article:modified_time\" content=\"2025-10-19T15:38:59+00:00\" \/>\n<meta name=\"twitter:card\" content=\"summary_large_image\" \/>\n<meta name=\"twitter:label1\" content=\"Est. reading time\" \/>\n\t<meta name=\"twitter:data1\" content=\"4 minuta\" \/>\n<script type=\"application\/ld+json\" class=\"yoast-schema-graph\">{\"@context\":\"https:\\\/\\\/schema.org\",\"@graph\":[{\"@type\":\"WebPage\",\"@id\":\"https:\\\/\\\/adv-shop.maybe-xl.ch\\\/identification\\\/\",\"url\":\"https:\\\/\\\/adv-shop.maybe-xl.ch\\\/identification\\\/\",\"name\":\"Identification - ADV-SHOP by MAYBE-XL\",\"isPartOf\":{\"@id\":\"https:\\\/\\\/adv-shop.maybe-xl.ch\\\/#website\"},\"datePublished\":\"2025-10-09T09:02:33+00:00\",\"dateModified\":\"2025-10-19T15:38:59+00:00\",\"breadcrumb\":{\"@id\":\"https:\\\/\\\/adv-shop.maybe-xl.ch\\\/identification\\\/#breadcrumb\"},\"inLanguage\":\"sq\",\"potentialAction\":[{\"@type\":\"ReadAction\",\"target\":[\"https:\\\/\\\/adv-shop.maybe-xl.ch\\\/identification\\\/\"]}]},{\"@type\":\"BreadcrumbList\",\"@id\":\"https:\\\/\\\/adv-shop.maybe-xl.ch\\\/identification\\\/#breadcrumb\",\"itemListElement\":[{\"@type\":\"ListItem\",\"position\":1,\"name\":\"Accueil\",\"item\":\"https:\\\/\\\/adv-shop.maybe-xl.ch\\\/\"},{\"@type\":\"ListItem\",\"position\":2,\"name\":\"Identification\"}]},{\"@type\":\"WebSite\",\"@id\":\"https:\\\/\\\/adv-shop.maybe-xl.ch\\\/#website\",\"url\":\"https:\\\/\\\/adv-shop.maybe-xl.ch\\\/\",\"name\":\"ADV-SHOP by MAYBE-XL\",\"description\":\"\",\"publisher\":{\"@id\":\"https:\\\/\\\/adv-shop.maybe-xl.ch\\\/#organization\"},\"potentialAction\":[{\"@type\":\"SearchAction\",\"target\":{\"@type\":\"EntryPoint\",\"urlTemplate\":\"https:\\\/\\\/adv-shop.maybe-xl.ch\\\/?s={search_term_string}\"},\"query-input\":{\"@type\":\"PropertyValueSpecification\",\"valueRequired\":true,\"valueName\":\"search_term_string\"}}],\"inLanguage\":\"sq\"},{\"@type\":\"Organization\",\"@id\":\"https:\\\/\\\/adv-shop.maybe-xl.ch\\\/#organization\",\"name\":\"ADV-SHOP by MAYBE-XL\",\"url\":\"https:\\\/\\\/adv-shop.maybe-xl.ch\\\/\",\"logo\":{\"@type\":\"ImageObject\",\"inLanguage\":\"sq\",\"@id\":\"https:\\\/\\\/adv-shop.maybe-xl.ch\\\/#\\\/schema\\\/logo\\\/image\\\/\",\"url\":\"https:\\\/\\\/adv-shop.maybe-xl.ch\\\/wp-content\\\/uploads\\\/2025\\\/10\\\/home-7.png\",\"contentUrl\":\"https:\\\/\\\/adv-shop.maybe-xl.ch\\\/wp-content\\\/uploads\\\/2025\\\/10\\\/home-7.png\",\"width\":1080,\"height\":383,\"caption\":\"ADV-SHOP by MAYBE-XL\"},\"image\":{\"@id\":\"https:\\\/\\\/adv-shop.maybe-xl.ch\\\/#\\\/schema\\\/logo\\\/image\\\/\"}}]}<\/script>\n<!-- \/ Yoast SEO plugin. -->","yoast_head_json":{"title":"Identification - ADV-SHOP by MAYBE-XL","robots":{"index":"index","follow":"follow","max-snippet":"max-snippet:-1","max-image-preview":"max-image-preview:large","max-video-preview":"max-video-preview:-1"},"canonical":"https:\/\/adv-shop.maybe-xl.ch\/sq\/identification\/","og_locale":"sq_AL","og_type":"article","og_title":"Identification - ADV-SHOP by MAYBE-XL","og_description":"Bonjour ,\u00e0 pr\u00e9sent tu peux visiter le shop !Bonjour,connecte-toi pour acceder au shop!","og_url":"https:\/\/adv-shop.maybe-xl.ch\/sq\/identification\/","og_site_name":"ADV-SHOP by MAYBE-XL","article_modified_time":"2025-10-19T15:38:59+00:00","twitter_card":"summary_large_image","twitter_misc":{"Est. reading time":"4 minuta"},"schema":{"@context":"https:\/\/schema.org","@graph":[{"@type":"WebPage","@id":"https:\/\/adv-shop.maybe-xl.ch\/identification\/","url":"https:\/\/adv-shop.maybe-xl.ch\/identification\/","name":"Identification - ADV-SHOP by MAYBE-XL","isPartOf":{"@id":"https:\/\/adv-shop.maybe-xl.ch\/#website"},"datePublished":"2025-10-09T09:02:33+00:00","dateModified":"2025-10-19T15:38:59+00:00","breadcrumb":{"@id":"https:\/\/adv-shop.maybe-xl.ch\/identification\/#breadcrumb"},"inLanguage":"sq","potentialAction":[{"@type":"ReadAction","target":["https:\/\/adv-shop.maybe-xl.ch\/identification\/"]}]},{"@type":"BreadcrumbList","@id":"https:\/\/adv-shop.maybe-xl.ch\/identification\/#breadcrumb","itemListElement":[{"@type":"ListItem","position":1,"name":"Accueil","item":"https:\/\/adv-shop.maybe-xl.ch\/"},{"@type":"ListItem","position":2,"name":"Identification"}]},{"@type":"WebSite","@id":"https:\/\/adv-shop.maybe-xl.ch\/#website","url":"https:\/\/adv-shop.maybe-xl.ch\/","name":"ADV-SHOP nga MAYBE-XL","description":"","publisher":{"@id":"https:\/\/adv-shop.maybe-xl.ch\/#organization"},"potentialAction":[{"@type":"SearchAction","target":{"@type":"EntryPoint","urlTemplate":"https:\/\/adv-shop.maybe-xl.ch\/?s={search_term_string}"},"query-input":{"@type":"PropertyValueSpecification","valueRequired":true,"valueName":"search_term_string"}}],"inLanguage":"sq"},{"@type":"Organization","@id":"https:\/\/adv-shop.maybe-xl.ch\/#organization","name":"ADV-SHOP nga MAYBE-XL","url":"https:\/\/adv-shop.maybe-xl.ch\/","logo":{"@type":"ImageObject","inLanguage":"sq","@id":"https:\/\/adv-shop.maybe-xl.ch\/#\/schema\/logo\/image\/","url":"https:\/\/adv-shop.maybe-xl.ch\/wp-content\/uploads\/2025\/10\/home-7.png","contentUrl":"https:\/\/adv-shop.maybe-xl.ch\/wp-content\/uploads\/2025\/10\/home-7.png","width":1080,"height":383,"caption":"ADV-SHOP by MAYBE-XL"},"image":{"@id":"https:\/\/adv-shop.maybe-xl.ch\/#\/schema\/logo\/image\/"}}]}},"_links":{"self":[{"href":"https:\/\/adv-shop.maybe-xl.ch\/sq\/wp-json\/wp\/v2\/pages\/522","targetHints":{"allow":["GET"]}}],"collection":[{"href":"https:\/\/adv-shop.maybe-xl.ch\/sq\/wp-json\/wp\/v2\/pages"}],"about":[{"href":"https:\/\/adv-shop.maybe-xl.ch\/sq\/wp-json\/wp\/v2\/types\/page"}],"author":[{"embeddable":true,"href":"https:\/\/adv-shop.maybe-xl.ch\/sq\/wp-json\/wp\/v2\/users\/1"}],"replies":[{"embeddable":true,"href":"https:\/\/adv-shop.maybe-xl.ch\/sq\/wp-json\/wp\/v2\/comments?post=522"}],"version-history":[{"count":3,"href":"https:\/\/adv-shop.maybe-xl.ch\/sq\/wp-json\/wp\/v2\/pages\/522\/revisions"}],"predecessor-version":[{"id":607,"href":"https:\/\/adv-shop.maybe-xl.ch\/sq\/wp-json\/wp\/v2\/pages\/522\/revisions\/607"}],"wp:attachment":[{"href":"https:\/\/adv-shop.maybe-xl.ch\/sq\/wp-json\/wp\/v2\/media?parent=522"}],"curies":[{"name":"wp","href":"https:\/\/api.w.org\/{rel}","templated":true}]}}