{"id":469,"date":"2025-10-09T04:54:07","date_gmt":"2025-10-09T04:54:07","guid":{"rendered":"https:\/\/shoppy.maybe.xl.provisoire.ch\/?page_id=469"},"modified":"2025-11-21T01:20:45","modified_gmt":"2025-11-21T01:20:45","slug":"outofdate","status":"publish","type":"page","link":"https:\/\/adv-shop.maybe-xl.ch\/es\/","title":{"rendered":"Desactualizado"},"content":{"rendered":"<p>[et_pb_section fb_built=\u00a0\u00bb1&Prime; _builder_version=\u00a0\u00bb4.27.4&Prime; _module_preset=\u00a0\u00bbdefault\u00a0\u00bb background_video_mp4=\u00a0\u00bbhttps:\/\/adv-shop.maybe-xl.ch\/wp-content\/uploads\/2025\/10\/6536349e9ea7b7c5f9b91a01_6780b129dd9ec1cfa980e14b_MAYBE-XL_Video_Website_EDIT_16X9-transcode.mp4&Prime; global_colors_info=\u00a0\u00bb{}\u00a0\u00bb][et_pb_row admin_label=\u00a0\u00bbBloc info si hors octobre\u00a0\u00bb _builder_version=\u00a0\u00bb4.27.4&Prime; _module_preset=\u00a0\u00bbdefault\u00a0\u00bb background_color=\u00a0\u00bbrgba(204,204,204,0.75)\u00a0\u00bb width_tablet=\u00a0\u00bb\u00a0\u00bb width_phone=\u00a0\u00bb96%\u00a0\u00bb width_last_edited=\u00a0\u00bbon|phone\u00a0\u00bb min_height=\u00a0\u00bb75vh\u00a0\u00bb min_height_tablet=\u00a0\u00bb75vh\u00a0\u00bb min_height_phone=\u00a0\u00bb75vh\u00a0\u00bb min_height_last_edited=\u00a0\u00bbon|desktop\u00a0\u00bb display_conditions=\u00a0\u00bbW10=\u00a0\u00bb border_radii=\u00a0\u00bbon|10px|10px|10px|10px\u00a0\u00bb global_colors_info=\u00a0\u00bb{}\u00a0\u00bb][et_pb_column type=\u00a0\u00bb4_4&Prime; _builder_version=\u00a0\u00bb4.27.4&Prime; _module_preset=\u00a0\u00bbdefault\u00a0\u00bb global_colors_info=\u00a0\u00bb{}\u00a0\u00bb][et_pb_text _builder_version=\u00a0\u00bb4.27.4&Prime; _module_preset=\u00a0\u00bbdefault\u00a0\u00bb text_font=\u00a0\u00bb|700|||||||\u00a0\u00bb text_font_size=\u00a0\u00bb5vh\u00a0\u00bb text_line_height=\u00a0\u00bb6vh\u00a0\u00bb text_orientation=\u00a0\u00bbcenter\u00a0\u00bb custom_margin=\u00a0\u00bb50px||||false|false\u00a0\u00bb custom_margin_tablet=\u00a0\u00bb20px||||false|false\u00a0\u00bb custom_margin_phone=\u00a0\u00bb20px||||false|false\u00a0\u00bb custom_margin_last_edited=\u00a0\u00bbon|phone\u00a0\u00bb custom_padding=\u00a0\u00bb|50px||50px|false|true\u00a0\u00bb custom_padding_tablet=\u00a0\u00bb|50px||50px|false|true\u00a0\u00bb custom_padding_phone=\u00a0\u00bb|20px||20px|false|true\u00a0\u00bb custom_padding_last_edited=\u00a0\u00bbon|phone\u00a0\u00bb text_font_size_tablet=\u00a0\u00bb3vh\u00a0\u00bb text_font_size_phone=\u00a0\u00bb2vh\u00a0\u00bb text_font_size_last_edited=\u00a0\u00bbon|tablet\u00a0\u00bb text_line_height_tablet=\u00a0\u00bb4vh\u00a0\u00bb text_line_height_phone=\u00a0\u00bb3vh\u00a0\u00bb text_line_height_last_edited=\u00a0\u00bbon|desktop\u00a0\u00bb global_colors_info=\u00a0\u00bb{}\u00a0\u00bb]<\/p>\n<p>La p\u00e9riode de commande 2025 <br \/>est \u00e0 pr\u00e9sent achev\u00e9e<\/p>\n<p>Vos commandes<br \/>vous parviendront bient\u00f4t.<\/p>\n<p>La prochaine p\u00e9riode de commande<br \/>sera bient\u00f4t annonc\u00e9e<br \/>sur cette m\u00eame page.<\/p>\n<p>[\/et_pb_text][et_pb_text disabled_on=\u00a0\u00bbon|on|on\u00a0\u00bb _builder_version=\u00a0\u00bb4.27.4&Prime; _module_preset=\u00a0\u00bbdefault\u00a0\u00bb text_font=\u00a0\u00bb|700|||||||\u00a0\u00bb text_font_size=\u00a0\u00bb5vh\u00a0\u00bb text_line_height=\u00a0\u00bb6vh\u00a0\u00bb text_orientation=\u00a0\u00bbcenter\u00a0\u00bb custom_margin=\u00a0\u00bb50px||||false|false\u00a0\u00bb custom_margin_tablet=\u00a0\u00bb20px||||false|false\u00a0\u00bb custom_margin_phone=\u00a0\u00bb20px||||false|false\u00a0\u00bb custom_margin_last_edited=\u00a0\u00bbon|phone\u00a0\u00bb custom_padding=\u00a0\u00bb|50px||50px|false|true\u00a0\u00bb custom_padding_tablet=\u00a0\u00bb|50px||50px|false|true\u00a0\u00bb custom_padding_phone=\u00a0\u00bb|20px||20px|false|true\u00a0\u00bb custom_padding_last_edited=\u00a0\u00bbon|phone\u00a0\u00bb text_font_size_tablet=\u00a0\u00bb3vh\u00a0\u00bb text_font_size_phone=\u00a0\u00bb2vh\u00a0\u00bb text_font_size_last_edited=\u00a0\u00bbon|tablet\u00a0\u00bb text_line_height_tablet=\u00a0\u00bb4vh\u00a0\u00bb text_line_height_phone=\u00a0\u00bb3vh\u00a0\u00bb text_line_height_last_edited=\u00a0\u00bbon|desktop\u00a0\u00bb disabled=\u00a0\u00bbon\u00a0\u00bb global_colors_info=\u00a0\u00bb{}\u00a0\u00bb]<\/p>\n<p>La p\u00e9riode de commande n&rsquo;est actuellement pas ouverte.<\/p>\n<p>Cette ann\u00e9e elle est planifi\u00e9e<br \/>du <span style=\"color: #ffffff;\">20 oct 2025<\/span> au <span style=\"color: #ffffff;\">20 nov 2025<\/span><\/p>\n<p>Revenez ici<br \/>une fois cette p\u00e9riode active.<\/p>\n<p>[\/et_pb_text][\/et_pb_column][\/et_pb_row][\/et_pb_section]<\/p>\n","protected":false},"excerpt":{"rendered":"<p>El plazo de pedidos de 2025 ha finalizado. Sus pedidos llegar\u00e1n pronto. El pr\u00f3ximo plazo se anunciar\u00e1 en esta p\u00e1gina en breve. El plazo de pedidos est\u00e1 cerrado. Este a\u00f1o est\u00e1 programado del 20 de octubre al 20 de noviembre de 2025. Vuelva a consultar esta p\u00e1gina cuando este plazo est\u00e9 activo.<\/p>","protected":false},"author":1,"featured_media":0,"parent":0,"menu_order":11,"comment_status":"closed","ping_status":"closed","template":"","meta":{"_et_pb_use_builder":"on","_et_pb_old_content":"","_et_gb_content_width":"","footnotes":""},"class_list":["post-469","page","type-page","status-publish","hentry"],"yoast_head":"<!-- This site is optimized with the Yoast SEO plugin v27.5 - https:\/\/yoast.com\/product\/yoast-seo-wordpress\/ -->\n<title>OutOfDate - ADV-SHOP by MAYBE-XL<\/title>\n<meta name=\"robots\" content=\"index, follow, max-snippet:-1, max-image-preview:large, max-video-preview:-1\" \/>\n<link rel=\"canonical\" href=\"https:\/\/adv-shop.maybe-xl.ch\/es\/\" \/>\n<meta property=\"og:locale\" content=\"es_ES\" \/>\n<meta property=\"og:type\" content=\"article\" \/>\n<meta property=\"og:title\" content=\"OutOfDate - ADV-SHOP by MAYBE-XL\" \/>\n<meta property=\"og:description\" content=\"La p\u00e9riode de commande 2025 est \u00e0 pr\u00e9sent achev\u00e9e Vos commandesvous parviendront bient\u00f4t. La prochaine p\u00e9riode de commandesera bient\u00f4t annonc\u00e9esur cette m\u00eame page.La p\u00e9riode de commande n&#039;est actuellement pas ouverte. Cette ann\u00e9e elle est planifi\u00e9edu 20 oct 2025 au 20 nov 2025 Revenez iciune fois cette p\u00e9riode active.\" \/>\n<meta property=\"og:url\" content=\"https:\/\/adv-shop.maybe-xl.ch\/es\/\" \/>\n<meta property=\"og:site_name\" content=\"ADV-SHOP by MAYBE-XL\" \/>\n<meta property=\"article:modified_time\" content=\"2025-11-21T01:20:45+00:00\" \/>\n<meta name=\"twitter:card\" content=\"summary_large_image\" \/>\n<meta name=\"twitter:label1\" content=\"Tiempo de lectura\" \/>\n\t<meta name=\"twitter:data1\" content=\"2 minutos\" \/>\n<script type=\"application\/ld+json\" class=\"yoast-schema-graph\">{\"@context\":\"https:\\\/\\\/schema.org\",\"@graph\":[{\"@type\":\"WebPage\",\"@id\":\"https:\\\/\\\/adv-shop.maybe-xl.ch\\\/\",\"url\":\"https:\\\/\\\/adv-shop.maybe-xl.ch\\\/\",\"name\":\"OutOfDate - ADV-SHOP by MAYBE-XL\",\"isPartOf\":{\"@id\":\"https:\\\/\\\/adv-shop.maybe-xl.ch\\\/#website\"},\"datePublished\":\"2025-10-09T04:54:07+00:00\",\"dateModified\":\"2025-11-21T01:20:45+00:00\",\"breadcrumb\":{\"@id\":\"https:\\\/\\\/adv-shop.maybe-xl.ch\\\/#breadcrumb\"},\"inLanguage\":\"es\",\"potentialAction\":[{\"@type\":\"ReadAction\",\"target\":[\"https:\\\/\\\/adv-shop.maybe-xl.ch\\\/\"]}]},{\"@type\":\"BreadcrumbList\",\"@id\":\"https:\\\/\\\/adv-shop.maybe-xl.ch\\\/#breadcrumb\",\"itemListElement\":[{\"@type\":\"ListItem\",\"position\":1,\"name\":\"Accueil\",\"item\":\"https:\\\/\\\/adv-shop.maybe-xl.ch\\\/\"},{\"@type\":\"ListItem\",\"position\":2,\"name\":\"OutOfDate\"}]},{\"@type\":\"WebSite\",\"@id\":\"https:\\\/\\\/adv-shop.maybe-xl.ch\\\/#website\",\"url\":\"https:\\\/\\\/adv-shop.maybe-xl.ch\\\/\",\"name\":\"ADV-SHOP by MAYBE-XL\",\"description\":\"\",\"publisher\":{\"@id\":\"https:\\\/\\\/adv-shop.maybe-xl.ch\\\/#organization\"},\"potentialAction\":[{\"@type\":\"SearchAction\",\"target\":{\"@type\":\"EntryPoint\",\"urlTemplate\":\"https:\\\/\\\/adv-shop.maybe-xl.ch\\\/?s={search_term_string}\"},\"query-input\":{\"@type\":\"PropertyValueSpecification\",\"valueRequired\":true,\"valueName\":\"search_term_string\"}}],\"inLanguage\":\"es\"},{\"@type\":\"Organization\",\"@id\":\"https:\\\/\\\/adv-shop.maybe-xl.ch\\\/#organization\",\"name\":\"ADV-SHOP by MAYBE-XL\",\"url\":\"https:\\\/\\\/adv-shop.maybe-xl.ch\\\/\",\"logo\":{\"@type\":\"ImageObject\",\"inLanguage\":\"es\",\"@id\":\"https:\\\/\\\/adv-shop.maybe-xl.ch\\\/#\\\/schema\\\/logo\\\/image\\\/\",\"url\":\"https:\\\/\\\/adv-shop.maybe-xl.ch\\\/wp-content\\\/uploads\\\/2025\\\/10\\\/home-7.png\",\"contentUrl\":\"https:\\\/\\\/adv-shop.maybe-xl.ch\\\/wp-content\\\/uploads\\\/2025\\\/10\\\/home-7.png\",\"width\":1080,\"height\":383,\"caption\":\"ADV-SHOP by MAYBE-XL\"},\"image\":{\"@id\":\"https:\\\/\\\/adv-shop.maybe-xl.ch\\\/#\\\/schema\\\/logo\\\/image\\\/\"}}]}<\/script>\n<!-- \/ Yoast SEO plugin. -->","yoast_head_json":{"title":"Desactualizado - ADV-SHOP de MAYBE-XL","robots":{"index":"index","follow":"follow","max-snippet":"max-snippet:-1","max-image-preview":"max-image-preview:large","max-video-preview":"max-video-preview:-1"},"canonical":"https:\/\/adv-shop.maybe-xl.ch\/es\/","og_locale":"es_ES","og_type":"article","og_title":"OutOfDate - ADV-SHOP by MAYBE-XL","og_description":"La p\u00e9riode de commande 2025 est \u00e0 pr\u00e9sent achev\u00e9e Vos commandesvous parviendront bient\u00f4t. La prochaine p\u00e9riode de commandesera bient\u00f4t annonc\u00e9esur cette m\u00eame page.La p\u00e9riode de commande n'est actuellement pas ouverte. Cette ann\u00e9e elle est planifi\u00e9edu 20 oct 2025 au 20 nov 2025 Revenez iciune fois cette p\u00e9riode active.","og_url":"https:\/\/adv-shop.maybe-xl.ch\/es\/","og_site_name":"ADV-SHOP by MAYBE-XL","article_modified_time":"2025-11-21T01:20:45+00:00","twitter_card":"summary_large_image","twitter_misc":{"Tiempo de lectura":"2 minutos"},"schema":{"@context":"https:\/\/schema.org","@graph":[{"@type":"WebPage","@id":"https:\/\/adv-shop.maybe-xl.ch\/","url":"https:\/\/adv-shop.maybe-xl.ch\/","name":"Desactualizado - ADV-SHOP de MAYBE-XL","isPartOf":{"@id":"https:\/\/adv-shop.maybe-xl.ch\/#website"},"datePublished":"2025-10-09T04:54:07+00:00","dateModified":"2025-11-21T01:20:45+00:00","breadcrumb":{"@id":"https:\/\/adv-shop.maybe-xl.ch\/#breadcrumb"},"inLanguage":"es","potentialAction":[{"@type":"ReadAction","target":["https:\/\/adv-shop.maybe-xl.ch\/"]}]},{"@type":"BreadcrumbList","@id":"https:\/\/adv-shop.maybe-xl.ch\/#breadcrumb","itemListElement":[{"@type":"ListItem","position":1,"name":"Accueil","item":"https:\/\/adv-shop.maybe-xl.ch\/"},{"@type":"ListItem","position":2,"name":"OutOfDate"}]},{"@type":"WebSite","@id":"https:\/\/adv-shop.maybe-xl.ch\/#website","url":"https:\/\/adv-shop.maybe-xl.ch\/","name":"ADV-SHOP de MAYBE-XL","description":"","publisher":{"@id":"https:\/\/adv-shop.maybe-xl.ch\/#organization"},"potentialAction":[{"@type":"SearchAction","target":{"@type":"EntryPoint","urlTemplate":"https:\/\/adv-shop.maybe-xl.ch\/?s={search_term_string}"},"query-input":{"@type":"PropertyValueSpecification","valueRequired":true,"valueName":"search_term_string"}}],"inLanguage":"es"},{"@type":"Organization","@id":"https:\/\/adv-shop.maybe-xl.ch\/#organization","name":"ADV-SHOP de MAYBE-XL","url":"https:\/\/adv-shop.maybe-xl.ch\/","logo":{"@type":"ImageObject","inLanguage":"es","@id":"https:\/\/adv-shop.maybe-xl.ch\/#\/schema\/logo\/image\/","url":"https:\/\/adv-shop.maybe-xl.ch\/wp-content\/uploads\/2025\/10\/home-7.png","contentUrl":"https:\/\/adv-shop.maybe-xl.ch\/wp-content\/uploads\/2025\/10\/home-7.png","width":1080,"height":383,"caption":"ADV-SHOP by MAYBE-XL"},"image":{"@id":"https:\/\/adv-shop.maybe-xl.ch\/#\/schema\/logo\/image\/"}}]}},"_links":{"self":[{"href":"https:\/\/adv-shop.maybe-xl.ch\/es\/wp-json\/wp\/v2\/pages\/469","targetHints":{"allow":["GET"]}}],"collection":[{"href":"https:\/\/adv-shop.maybe-xl.ch\/es\/wp-json\/wp\/v2\/pages"}],"about":[{"href":"https:\/\/adv-shop.maybe-xl.ch\/es\/wp-json\/wp\/v2\/types\/page"}],"author":[{"embeddable":true,"href":"https:\/\/adv-shop.maybe-xl.ch\/es\/wp-json\/wp\/v2\/users\/1"}],"replies":[{"embeddable":true,"href":"https:\/\/adv-shop.maybe-xl.ch\/es\/wp-json\/wp\/v2\/comments?post=469"}],"version-history":[{"count":10,"href":"https:\/\/adv-shop.maybe-xl.ch\/es\/wp-json\/wp\/v2\/pages\/469\/revisions"}],"predecessor-version":[{"id":804,"href":"https:\/\/adv-shop.maybe-xl.ch\/es\/wp-json\/wp\/v2\/pages\/469\/revisions\/804"}],"wp:attachment":[{"href":"https:\/\/adv-shop.maybe-xl.ch\/es\/wp-json\/wp\/v2\/media?parent=469"}],"curies":[{"name":"wp","href":"https:\/\/api.w.org\/{rel}","templated":true}]}}